{"id":77,"date":"2024-09-18T12:18:15","date_gmt":"2024-09-18T12:18:15","guid":{"rendered":"https:\/\/hydro-berlin.de\/?page_id=77"},"modified":"2026-03-18T21:18:02","modified_gmt":"2026-03-18T21:18:02","slug":"team","status":"publish","type":"page","link":"https:\/\/hydro-berlin.de\/en\/team\/","title":{"rendered":"Team"},"content":{"rendered":"<div class=\"wp-block-columns is-layout-flex wp-container-core-columns-is-layout-28f84493 wp-block-columns-is-layout-flex\">\n<div class=\"wp-block-column is-layout-flow wp-block-column-is-layout-flow\" style=\"flex-basis:100%\">\n<h2 class=\"wp-block-heading\" style=\"font-size:clamp(17.905px, 1.119rem + ((1vw - 3.2px) * 0.789), 28px);\">Interdisciplinary expertise<\/h2>\n\n\n\n<p>We are a team of experts in geotechnology with specializations in hydrogeology, data modelling, software development and geophysics.<\/p>\n\n\n\n<div class=\"wp-block-media-text is-stacked-on-mobile\" style=\"grid-template-columns:20% auto\"><figure class=\"wp-block-media-text__media\"><img loading=\"lazy\" decoding=\"async\" width=\"512\" height=\"512\" src=\"http:\/\/hydro-berlin.de\/wp-content\/uploads\/2024\/09\/P9200083.jpg\" alt=\"\" class=\"wp-image-224 size-full\" srcset=\"https:\/\/hydro-berlin.de\/wp-content\/uploads\/2024\/09\/P9200083.jpg 512w, https:\/\/hydro-berlin.de\/wp-content\/uploads\/2024\/09\/P9200083-300x300.jpg 300w, https:\/\/hydro-berlin.de\/wp-content\/uploads\/2024\/09\/P9200083-150x150.jpg 150w, https:\/\/hydro-berlin.de\/wp-content\/uploads\/2024\/09\/P9200083-100x100.jpg 100w\" sizes=\"auto, (max-width: 512px) 100vw, 512px\" \/><\/figure><div class=\"wp-block-media-text__content\">\n<p><strong>Alexander Strom<\/strong> is a hydrogeologist and has been working full-time in science and practice since 2016. Topics that are close to his heart and are currently the focus of his projects are near-natural water retention and the development of digital tools in hydrogeology. In recent years, he has completed projects for the Federal Environment Agency and the Federal Agency for Nature Conservation, among others. He has contributed to important content in the BMUV's National Water Strategy with specialist articles on near-natural landscape water management.<\/p>\n<\/div><\/div>\n\n\n\n<div class=\"wp-block-media-text is-stacked-on-mobile\" style=\"grid-template-columns:20% auto\"><figure class=\"wp-block-media-text__media\"><img loading=\"lazy\" decoding=\"async\" width=\"512\" height=\"512\" src=\"http:\/\/hydro-berlin.de\/wp-content\/uploads\/2024\/09\/P9200120.jpg\" alt=\"\" class=\"wp-image-225 size-full\" srcset=\"https:\/\/hydro-berlin.de\/wp-content\/uploads\/2024\/09\/P9200120.jpg 512w, https:\/\/hydro-berlin.de\/wp-content\/uploads\/2024\/09\/P9200120-300x300.jpg 300w, https:\/\/hydro-berlin.de\/wp-content\/uploads\/2024\/09\/P9200120-150x150.jpg 150w, https:\/\/hydro-berlin.de\/wp-content\/uploads\/2024\/09\/P9200120-100x100.jpg 100w\" sizes=\"auto, (max-width: 512px) 100vw, 512px\" \/><\/figure><div class=\"wp-block-media-text__content\">\n<p><strong>Dr. Paul Kn\u00f6ll<\/strong> is a hydrogeologist and specializes in the development of hydrological monitoring networks and water balance modelling. He has developed and set up a measurement system for operational flood forecasting in a karst area in southwest Germany. He was also responsible for several years as project manager for the monitoring and maintenance of the hydrogeological monitoring network at a major construction site on the Kiel Canal (NOK).<\/p>\n<\/div><\/div>\n<\/div>\n<\/div>\n\n\n\n<div class=\"wp-block-media-text is-stacked-on-mobile\" style=\"grid-template-columns:20% auto\"><figure class=\"wp-block-media-text__media\"><img loading=\"lazy\" decoding=\"async\" width=\"1024\" height=\"1024\" src=\"http:\/\/hydro-berlin.de\/wp-content\/uploads\/2024\/11\/Lucas-Pages-1024x1024.jpg\" alt=\"\" class=\"wp-image-278 size-full\" srcset=\"https:\/\/hydro-berlin.de\/wp-content\/uploads\/2024\/11\/Lucas-Pages-1024x1024.jpg 1024w, https:\/\/hydro-berlin.de\/wp-content\/uploads\/2024\/11\/Lucas-Pages-300x300.jpg 300w, https:\/\/hydro-berlin.de\/wp-content\/uploads\/2024\/11\/Lucas-Pages-150x150.jpg 150w, https:\/\/hydro-berlin.de\/wp-content\/uploads\/2024\/11\/Lucas-Pages-768x768.jpg 768w, https:\/\/hydro-berlin.de\/wp-content\/uploads\/2024\/11\/Lucas-Pages-1536x1536.jpg 1536w, https:\/\/hydro-berlin.de\/wp-content\/uploads\/2024\/11\/Lucas-Pages-100x100.jpg 100w, https:\/\/hydro-berlin.de\/wp-content\/uploads\/2024\/11\/Lucas-Pages.jpg 2000w\" sizes=\"auto, (max-width: 1024px) 100vw, 1024px\" \/><\/figure><div class=\"wp-block-media-text__content\">\n<p><strong>Lucas Pag\u00e8s<\/strong> ist Full-Stack Developer. Er hat Informatik mit dem Schwerpunkt K\u00fcnstliche Intelligenz in Marseille und Montr\u00e9al studiert. Insbesondere mit Django und React entwickelt er Web-APIs. Dar\u00fcber hinaus k\u00fcmmert sich Lucas um die Serverintegration und Cyber Security in ENOLA.<\/p>\n<\/div><\/div>\n\n\n\n<div class=\"wp-block-media-text is-stacked-on-mobile\" style=\"grid-template-columns:20% auto\"><figure class=\"wp-block-media-text__media\"><img loading=\"lazy\" decoding=\"async\" width=\"1024\" height=\"1024\" src=\"https:\/\/hydro-berlin.de\/wp-content\/uploads\/2025\/05\/Joerg-Kandziora-1024x1024.jpg\" alt=\"\" class=\"wp-image-852 size-full\" srcset=\"https:\/\/hydro-berlin.de\/wp-content\/uploads\/2025\/05\/Joerg-Kandziora-1024x1024.jpg 1024w, https:\/\/hydro-berlin.de\/wp-content\/uploads\/2025\/05\/Joerg-Kandziora-300x300.jpg 300w, https:\/\/hydro-berlin.de\/wp-content\/uploads\/2025\/05\/Joerg-Kandziora-150x150.jpg 150w, https:\/\/hydro-berlin.de\/wp-content\/uploads\/2025\/05\/Joerg-Kandziora-768x768.jpg 768w, https:\/\/hydro-berlin.de\/wp-content\/uploads\/2025\/05\/Joerg-Kandziora-1536x1536.jpg 1536w, https:\/\/hydro-berlin.de\/wp-content\/uploads\/2025\/05\/Joerg-Kandziora-2048x2048.jpg 2048w, https:\/\/hydro-berlin.de\/wp-content\/uploads\/2025\/05\/Joerg-Kandziora-12x12.jpg 12w\" sizes=\"auto, (max-width: 1024px) 100vw, 1024px\" \/><\/figure><div class=\"wp-block-media-text__content\">\n<p><strong>J\u00f6rg Kandziora<\/strong> is a front-end\/web developer. He studied media informatics in Berlin. He has a wealth of experience in the field of e-commerce. He has implemented UI\/UX designs in the frontend and was responsible for planning and management as a product owner. He is currently focussing on React\/Nextjs to further develop the ENOLA interface.<\/p>\n<\/div><\/div>\n\n\n\n<div class=\"wp-block-media-text is-stacked-on-mobile\" style=\"grid-template-columns:20% auto\"><figure class=\"wp-block-media-text__media\"><img loading=\"lazy\" decoding=\"async\" width=\"1024\" height=\"1024\" src=\"http:\/\/hydro-berlin.de\/wp-content\/uploads\/2026\/03\/Design-ohne-Titel12-1024x1024.png\" alt=\"\" class=\"wp-image-1711 size-full\" srcset=\"https:\/\/hydro-berlin.de\/wp-content\/uploads\/2026\/03\/Design-ohne-Titel12-1024x1024.png 1024w, https:\/\/hydro-berlin.de\/wp-content\/uploads\/2026\/03\/Design-ohne-Titel12-300x300.png 300w, https:\/\/hydro-berlin.de\/wp-content\/uploads\/2026\/03\/Design-ohne-Titel12-150x150.png 150w, https:\/\/hydro-berlin.de\/wp-content\/uploads\/2026\/03\/Design-ohne-Titel12-768x768.png 768w, https:\/\/hydro-berlin.de\/wp-content\/uploads\/2026\/03\/Design-ohne-Titel12-1536x1536.png 1536w, https:\/\/hydro-berlin.de\/wp-content\/uploads\/2026\/03\/Design-ohne-Titel12-2048x2048.png 2048w, https:\/\/hydro-berlin.de\/wp-content\/uploads\/2026\/03\/Design-ohne-Titel12-12x12.png 12w\" sizes=\"auto, (max-width: 1024px) 100vw, 1024px\" \/><\/figure><div class=\"wp-block-media-text__content\">\n<p><strong>Yashdeep Singh<\/strong> ist Student der Digitalen Wirtschaft an der Berliner Hochschule f\u00fcr Technik (BHT) und ist f\u00fcr Business Development und digitales Marketing zust\u00e4ndig. Dabei bringt er praktische Erfahrung aus eigenen Projekten sowie aus dem E-Commerce, insbesondere im Bereich organisches Marketing und Vertrieb, mit. Zudem ist er Preistr\u00e4ger im Bereich Ressourceneffizienz, ausgezeichnet durch das Bundesministerium f\u00fcr Umwelt, Naturschutz, nukleare Sicherheit und Verbraucherschutz.<\/p>\n<\/div><\/div>\n\n\n\n<p><\/p>","protected":false},"excerpt":{"rendered":"<p>Interdisziplin\u00e4re Expertise Wir sind ein Expertinnenteam aus der Geotechnologie mit Spezialisierungen in Hydrogeologie, Datenmodellierung, Software Development und Geophysik. Alexander Strom ist Hydrogeologe und seit 2016 hauptberuflich in der Wissenschaft und Praxis t\u00e4tig. Themen, die ihm am Herzen liegen und aktuell seine Projektschwerpunkte bildeten, sind der naturnahe Wasserr\u00fcckhalt und die Entwicklung digitaler Werkzeuge in der Hydrogeologie. [&hellip;]<\/p>\n","protected":false},"author":1,"featured_media":0,"parent":0,"menu_order":0,"comment_status":"closed","ping_status":"closed","template":"","meta":{"_acf_changed":false,"footnotes":""},"class_list":["post-77","page","type-page","status-publish","hentry"],"blocksy_meta":[],"acf":[],"_links":{"self":[{"href":"https:\/\/hydro-berlin.de\/en\/wp-json\/wp\/v2\/pages\/77","targetHints":{"allow":["GET"]}}],"collection":[{"href":"https:\/\/hydro-berlin.de\/en\/wp-json\/wp\/v2\/pages"}],"about":[{"href":"https:\/\/hydro-berlin.de\/en\/wp-json\/wp\/v2\/types\/page"}],"author":[{"embeddable":true,"href":"https:\/\/hydro-berlin.de\/en\/wp-json\/wp\/v2\/users\/1"}],"replies":[{"embeddable":true,"href":"https:\/\/hydro-berlin.de\/en\/wp-json\/wp\/v2\/comments?post=77"}],"version-history":[{"count":36,"href":"https:\/\/hydro-berlin.de\/en\/wp-json\/wp\/v2\/pages\/77\/revisions"}],"predecessor-version":[{"id":1742,"href":"https:\/\/hydro-berlin.de\/en\/wp-json\/wp\/v2\/pages\/77\/revisions\/1742"}],"wp:attachment":[{"href":"https:\/\/hydro-berlin.de\/en\/wp-json\/wp\/v2\/media?parent=77"}],"curies":[{"name":"wp","href":"https:\/\/api.w.org\/{rel}","templated":true}]}}