{"id":43,"date":"2024-09-18T08:47:04","date_gmt":"2024-09-18T08:47:04","guid":{"rendered":"https:\/\/hydro-berlin.de\/?page_id=43"},"modified":"2025-09-18T11:00:00","modified_gmt":"2025-09-18T11:00:00","slug":"engagement","status":"publish","type":"page","link":"https:\/\/hydro-berlin.de\/en\/engagement\/","title":{"rendered":"Commitment"},"content":{"rendered":"<h2 class=\"wp-block-heading\" style=\"font-size:clamp(17.905px, 1.119rem + ((1vw - 3.2px) * 0.789), 28px);\">We support our community<\/h2>\n\n\n\n<p>The work of our professional associations is very important to us. As members, we therefore support the following societies and networks:<\/p>\n\n\n\n<p><a href=\"https:\/\/www.fh-dggv.de\" target=\"_blank\" rel=\"noreferrer noopener\">FH-DGGV \u2013 Fachsektion Hydrogeologie der Deutschen Geologischen Gesellschaft e.V.<\/a><\/p>\n\n\n\n<p><a href=\"https:\/\/www.dhydrog.de\" target=\"_blank\" rel=\"noreferrer noopener\">DHG \u2013 Deutsche Hydrologische Gesellschaft e.V.<\/a><\/p>\n\n\n\n<p><a href=\"https:\/\/de.dwa.de\/de\/\" target=\"_blank\" rel=\"noreferrer noopener\">DWA \u2013 Deutsche Vereinigung f\u00fcr Wasserwirtschaft, Abwasser &amp; Abfall e.V.<\/a><\/p>\n\n\n\n<p><a href=\"https:\/\/www.maris.berlin\">MARIS &#8211; Management urbaner Wasserkreisl\u00e4ufe<\/a><\/p>\n\n\n\n<p><a href=\"https:\/\/www.vdi.de\">VDI &#8211; Verein Deutscher Ingenieure e.V.<\/a><\/p>\n\n\n\n<p>In addition to our memberships, we are actively involved in specialist committees in order to help shape the work of the professional associations and contribute to the further development of our digital tools. As an appointed member, Alexander Strom is actively involved in the <strong><a href=\"https:\/\/de.dwa.de\/de\/\">DWA<\/a><\/strong>working group GB-1.11 on the current issue of <strong>\u2018Dealing with low water and the drying out of surface waters\u2019.<\/strong>.<\/p>\n\n\n\n<p><\/p>","protected":false},"excerpt":{"rendered":"<p>Wir unterst\u00fctzen unsere Community Die Arbeit unserer Fachverb\u00e4nde liegt uns am Herzen. Als Mitglieder unterst\u00fctzen wir daher folgende Gesellschaften und Netzwerke: FH-DGGV \u2013 Fachsektion Hydrogeologie der Deutschen Geologischen Gesellschaft e.V. DHG \u2013 Deutsche Hydrologische Gesellschaft e.V. DWA \u2013 Deutsche Vereinigung f\u00fcr Wasserwirtschaft, Abwasser &amp; Abfall e.V. MARIS &#8211; Management urbaner Wasserkreisl\u00e4ufe VDI &#8211; Verein Deutscher [&hellip;]<\/p>\n","protected":false},"author":1,"featured_media":0,"parent":0,"menu_order":0,"comment_status":"closed","ping_status":"closed","template":"","meta":{"_acf_changed":false,"footnotes":""},"class_list":["post-43","page","type-page","status-publish","hentry"],"blocksy_meta":[],"acf":[],"_links":{"self":[{"href":"https:\/\/hydro-berlin.de\/en\/wp-json\/wp\/v2\/pages\/43","targetHints":{"allow":["GET"]}}],"collection":[{"href":"https:\/\/hydro-berlin.de\/en\/wp-json\/wp\/v2\/pages"}],"about":[{"href":"https:\/\/hydro-berlin.de\/en\/wp-json\/wp\/v2\/types\/page"}],"author":[{"embeddable":true,"href":"https:\/\/hydro-berlin.de\/en\/wp-json\/wp\/v2\/users\/1"}],"replies":[{"embeddable":true,"href":"https:\/\/hydro-berlin.de\/en\/wp-json\/wp\/v2\/comments?post=43"}],"version-history":[{"count":19,"href":"https:\/\/hydro-berlin.de\/en\/wp-json\/wp\/v2\/pages\/43\/revisions"}],"predecessor-version":[{"id":1193,"href":"https:\/\/hydro-berlin.de\/en\/wp-json\/wp\/v2\/pages\/43\/revisions\/1193"}],"wp:attachment":[{"href":"https:\/\/hydro-berlin.de\/en\/wp-json\/wp\/v2\/media?parent=43"}],"curies":[{"name":"wp","href":"https:\/\/api.w.org\/{rel}","templated":true}]}}