{"id":41,"date":"2024-09-18T08:49:00","date_gmt":"2024-09-18T08:49:00","guid":{"rendered":"https:\/\/hydro-berlin.de\/?page_id=41"},"modified":"2025-09-18T10:45:07","modified_gmt":"2025-09-18T10:45:07","slug":"veroeffentlichungen","status":"publish","type":"page","link":"https:\/\/hydro-berlin.de\/en\/veroeffentlichungen\/","title":{"rendered":"Publications"},"content":{"rendered":"\n<h2 class=\"wp-block-heading\" style=\"font-size:clamp(17.905px, 1.119rem + ((1vw - 3.2px) * 0.789), 28px);\">Nah an der Wissenschaft<\/h2>\n\n\n\n<p>Die <a href=\"https:\/\/hydro-berlin.de\/leistungsspektrum\/\">Ergebnisse unserer wissenschaftlichen Projekte<\/a> werden in einschl\u00e4gigen Fachzeitschriften ver\u00f6ffentlicht. Unsere Publikationen bewegen sich in den folgenden Themenbereichen:<\/p>\n\n\n\n<ul class=\"wp-block-list\">\n<li>Digitalisierung im Wassersektor<\/li>\n\n\n\n<li>Hochwasser &amp; Sturzfluten<\/li>\n\n\n\n<li>D\u00fcrremodellierung<\/li>\n\n\n\n<li>Wasserr\u00fcckhalt<\/li>\n\n\n\n<li>Stoffeintr\u00e4ge in das Grundwasser<\/li>\n\n\n\n<li>Tracertests im Grundwasser<\/li>\n\n\n\n<li>GIS<\/li>\n<\/ul>\n\n\n\n<h2 class=\"wp-block-heading has-medium-font-size\"><strong>Digitalisierung im Wassersektor<\/strong><\/h2>\n\n\n\n<p class=\"has-small-font-size\"><strong>Kn\u00f6ll, P.<\/strong>, Strom, A., Confal, J. M., &amp; Pag\u00e8s, L. (2025): ENOLA \u2013 facilitating decision making with a web based water information system, EGU General Assembly 2025, Vienna, Austria, 27 Apr\u20132 May 2025, EGU25-17976, <a href=\"https:\/\/doi.org\/10.5194\/egusphere-egu25-17976\">https:\/\/doi.org\/10.5194\/egusphere-egu25-17976<\/a><\/p>\n\n\n\n<h2 class=\"wp-block-heading has-medium-font-size\"><strong>Hochwasser &amp; Sturzfluten<\/strong><\/h2>\n\n\n\n<p class=\"has-small-font-size\"><strong>Kn\u00f6ll, P.<\/strong>, Schiperski, F., Roesrath, A., Scheytt, T. (2025): Effects of Model Complexity on Karst Catchment Runoff Modeling for Flood Warning Systems, Journal of Hydrology X 26, <a href=\"https:\/\/doi.org\/10.1016\/j.hydroa.2024.100194\">https:\/\/doi.org\/10.1016\/j.hydroa.2024.100194<\/a>.<\/p>\n\n\n\n<p class=\"has-small-font-size\"><strong>Kn\u00f6ll, P.<\/strong> (2023). Development of a Toolset to Simulate Stream Discharge in a Karst Catchment with Regard to Flood Forecasts\u202f: a Case Study for the River Lauchert (Swabian Alb, Germany). Dissertation. <a href=\"https:\/\/doi.org\/10.14279\/depositonce-17135\">https:\/\/doi.org\/10.14279\/depositonce-17135<\/a><\/p>\n\n\n\n<p class=\"has-small-font-size\"><strong>Strom, A. <\/strong>&amp; S. Hannappel (2021): Riesenbruchgraben &#8211; Spannungsfeld zwischen (Grund-) Hochwasserrisiko und Naturschutz <em>[Posterbeitrag]<\/em>,&nbsp;Tag der Hydrologie 2021, Potsdam.<\/p>\n\n\n\n<p class=\"has-small-font-size\"><strong>Kn\u00f6ll, P.<\/strong>, Zirlewagen, J. and Scheytt, T. (2020). Using radar-based quantitative precipitation data with coupled soil- and groundwater balance models for stream flow simulation in a karst area. Journal of Hydrology, 586:124884. <a href=\"https:\/\/doi.org\/10.1016\/j.jhydrol.2020.124884\">https:\/\/doi.org\/10.1016\/j.jhydrol.2020.124884<\/a><\/p>\n\n\n\n<p class=\"has-small-font-size\"><strong>Strom, A. <\/strong>&amp; S. Hannappel (2020): Sensitivit\u00e4tsanalyse zum Einfluss landwirtschaftlicher Bewirtschaftungsformen auf die Abflussbildung von Agrarfl\u00e4chen bei Sturzflutereignissen.- Hydrologie und Wasserbewirtschaftung (HyWa), Heft 6\/2020, Koblenz, <a href=\"https:\/\/doi.org\/10.5675\/HyWa_2020.6_1\">DOI: <\/a><a href=\"https:\/\/doi.org\/10.5675\/HyWa_2020.6_1\" target=\"_blank\" rel=\"noreferrer noopener\">10.5675\/HyWa_2020.6_1<\/a>.<\/p>\n\n\n\n<p class=\"has-small-font-size\">Beisecker, R., Die\u00dfelberg, F., Seith, T., Senoner, F., Zettl, E., <strong>Strom, A. <\/strong>&amp; S. Hannappel (2020): Ver\u00e4nderungen der Wasseraufnahme und -speicherung landwirtschaftlicher B\u00f6den und Auswirkungen auf das \u00dcberflutungsrisiko durch zunehmende Stark- und Dauerregenereignisse, TEXTE 63\/2020, Hrsg.: Umweltbundesamt, Dessau-Ro\u00dflau, <a href=\"http:\/\/www.umweltbundesamt.de\/publikationen\/veraenderungen-der-wasseraufnahme-speicherung\">www.umweltbundesamt.de\/publikationen\/veraenderungen-der-wasseraufnahme-speicherung<\/a> (zuletzt aufgerufen am 22.05.2022).<\/p>\n\n\n\n<h2 class=\"wp-block-heading has-medium-font-size\"><strong>D\u00fcrremodellierung<\/strong><\/h2>\n\n\n\n<p class=\"has-small-font-size\"><strong>Strom, A., <\/strong>Kr\u00f6cher, J., Wolke, P., Hannappel, S. &amp; C. Fokuhl (2024): D\u00fcrrerisikokarten als Instrument f\u00fcr ein lokales D\u00fcrrerisikomanagement in der Kulturlandschaft am Fallbeispiel des Landkreises Cuxhaven.- KW Korrespondenz Wasserwirtschaft, Heft 06\/24, Hrsg.: DWA \u2013 Deutsche Vereinigung f\u00fcr Wasserwirtschaft, Abwasser und Abfall e.V., Hennef.<\/p>\n\n\n\n<p class=\"has-small-font-size\"><strong>Strom, A., <\/strong>Kr\u00f6cher, J., Wolke, P., Hannappel, S. &amp; C. Fokuhl (2024): Hochaufgel\u00f6ste D\u00fcrremodellierung am Fallbeispiel des Landkreises Cuxhaven im Norddeutschen Tiefland.- Hydrologie und Wasserbewirtschaftung (HyWa), Heft 2\/2024, Koblenz, <a href=\"https:\/\/doi.bafg.de\/HyWa\/2024\/HyWa_2024.2_2.pdf\">DOI: 10.5675\/HyWa_2024.2_2<\/a>.<\/p>\n\n\n\n<h2 class=\"wp-block-heading has-medium-font-size\"><strong>Wasserr\u00fcckhalt<\/strong><\/h2>\n\n\n\n<p class=\"has-small-font-size\"><strong>Strom, A.<\/strong>, Beisecker, R. &amp; J. Kr\u00e4hling (2024): Identifizierung besonders geeigneter dezentraler Wasserr\u00fcckhaltema\u00dfnahmen (NWRM) durch Wirkungsindizes <em>[Posterbeitrag]<\/em>, Zukunftsaufgabe naturnaher Landschaftswasserhaushalt, &nbsp;BfN-Fachtagung, 18. April 2024, Bonn.<\/p>\n\n\n\n<p class=\"has-small-font-size\">Beisecker, R., Seith, T., Kr\u00e4hling, J., Die\u00dfelberg, F., <strong>Strom, A.<\/strong>, Kr\u00f6cher, J., Hannappel, S., Thormann, B., Herzog, W., Becker, C. &amp; K. Schubert (2023): Instrumente zur F\u00f6rderung naturvertr\u00e4glicher dezentraler Wasserr\u00fcckhaltema\u00dfnahmen (NWRM).- Naturschutz und Biologische Vielfalt, Heft 176, Hrsg.: Bundesamt f\u00fcr Naturschutz, Bonn.<\/p>\n\n\n\n<p class=\"has-small-font-size\">Kr\u00f6cher, J., <strong>Strom, A.<\/strong> &amp; S. Hannappel (2023): Wirkungsbetrachtung einer grundwasserangepassten Entw\u00e4sserungsinfrastruktur in einem landwirtschaftlich gepr\u00e4gten Tieflandeinzugsgebiet in Nordwestdeutschland. Grundwasser &#8211; Zeitschrift der Fachsektion Hydrogeologie 28, 135\u2013146. <a href=\"https:\/\/doi.org\/10.1007\/s00767-023-00544-7\"><\/a><a href=\"https:\/\/doi.org\/10.1007\/s00767-023-00544-7\"><\/a>DOI: 10.1007\/s00767-023-00544-7.<\/p>\n\n\n\n<p class=\"has-small-font-size\"><strong>Strom, A. <\/strong>&amp; S. Hannappel (2022): Auswirkungen von D\u00fcrre und Starkregen auf die Grundwasserst\u00e4nde in Rathenow (Brandenburg) von 2018 bis 2021 und resultierende Implikationen f\u00fcr den Wasserr\u00fcckhalt.- KW Korrespondenz Wasserwirtschaft, Heft 10\/22, Hrsg.: DWA \u2013 Deutsche Vereinigung f\u00fcr Wasserwirtschaft, Abwasser und Abfall e.V., Hennef.<\/p>\n\n\n\n<h2 class=\"wp-block-heading has-medium-font-size\"><strong>Stoffeintr\u00e4ge in das Grundwasser<\/strong><\/h2>\n\n\n\n<p class=\"has-small-font-size\"><strong>Strom, A. <\/strong>&amp; S. Hannappel (2021): Wirkungsanalyse von Ma\u00dfnahmen zur Verringerung von Stickstoffeintr\u00e4gen aus der Landwirtschaft im Rahmen des Kooperationsmodells in NRW \u2013 Teil 2: Wasserwirtschaftliche Evaluierung.- KW Korrespondenz Wasserwirtschaft, Heft 04\/21, Hrsg.: DWA \u2013 Deutsche Vereinigung f\u00fcr Wasserwirtschaft, Abwasser und Abfall e.V., Hennef.<\/p>\n\n\n\n<p class=\"has-small-font-size\">S. Hannappel &amp; <strong>A. Strom <\/strong>(2020): Methode zur Ermittlung des Phosphoreintrags \u00fcber das Grundwasser in den Barleber See bei Magdeburg.- KW Korrespondenz Wasserwirtschaft, Heft 1\/20, Hrsg.: DWA \u2013 Deutsche Vereinigung f\u00fcr Wasserwirtschaft, Abwasser und Abfall e.V., Hennef.<\/p>\n\n\n\n<h2 class=\"wp-block-heading has-medium-font-size\"><strong>Tracertests im Grundwasser<\/strong><\/h2>\n\n\n\n<p class=\"has-small-font-size\"><strong>Kn\u00f6ll, P.<\/strong> and Scheytt, T. (2018). Compartment analysis to predict flood generation in a karst catchment <em>[Posterbeitrag]<\/em>, EGU General Assembly 2018, 8\u201313 April 2018. Vienna, Austria.<\/p>\n\n\n\n<p class=\"has-small-font-size\"><strong>Kn\u00f6ll, P.<\/strong> and Scheytt, T. (2018). Tracerversuch zur Untersuchung von Karsteinzugsgebieten bei Sigmaringen (Schw\u00e4bische Alb). Grundwasser im Umfeld von Bergbau, Energie und urbanen R\u00e4umen. [Posterbeitrag] 26. Tagung der FH-DGGV, 21-24 March 2018. Bochum, Germany.<\/p>\n\n\n\n<p class=\"has-small-font-size\"><strong>Kn\u00f6ll, P.<\/strong>, and Scheytt, T. (2018). Untersuchung von Verbindungen zwischen Lauchert und Donau durch einen Markierungsversuch bei Sigmaringen (Schw\u00e4bische Alb). Laichinger H\u00f6hlenfreund, 53, 41-50.<\/p>\n\n\n\n<p class=\"has-small-font-size\"><strong>Kn\u00f6ll, P.<\/strong> &amp; Scheytt, Traugott. (2017): A tracer test to determine a hydraulic connection between the Lauchert and Danube karst catchments (Swabian Alb, Germany). Hydrogeology Journal. 26. 10.1007\/s10040-017-1678-x. <a href=\"https:\/\/doi.org\/10.1007\/s10040-017-1678-x\">https:\/\/doi.org\/10.1007\/s10040-017-1678-x<\/a><\/p>\n\n\n\n<h2 class=\"wp-block-heading has-medium-font-size\"><strong>GIS<\/strong><\/h2>\n\n\n\n<p class=\"has-small-font-size\">Gerstenberg, J. H., Kr\u00f6cher, J., <strong>Kn\u00f6ll, P.<\/strong>, Thelemann, M. (2024): Dokumentation der Bodendatenbank des Landes Berlin (Arbeitsbericht), Senatsverwaltung f\u00fcr Mobilit\u00e4t, Verkehr, Klimaschutz und Umwelt Berlin (Hrsg.),<br>(<a href=\"https:\/\/www.google.com\/url?sa=t&amp;source=web&amp;rct=j&amp;opi=89978449&amp;url=https:\/\/www.berlin.de\/umweltatlas\/_assets\/literatur\/gerstenberg_et_al2024.pdf&amp;ved=2ahUKEwjWodDI5MeJAxVLBdsEHeDYH7cQFnoECBcQAQ&amp;usg=AOvVaw31Rn5zTShxLW9u1Oh9WpgR\">Download PDF, 8,0 MB<\/a>).<\/p>\n","protected":false},"excerpt":{"rendered":"<p>Nah an der Wissenschaft Die Ergebnisse unserer wissenschaftlichen Projekte werden in einschl\u00e4gigen Fachzeitschriften ver\u00f6ffentlicht. Unsere Publikationen bewegen sich in den folgenden Themenbereichen: Digitalisierung im Wassersektor Kn\u00f6ll, P., Strom, A., Confal, J. M., &amp; Pag\u00e8s, L. (2025): ENOLA \u2013 facilitating decision making with a web based water information system, EGU General Assembly 2025, Vienna, Austria, 27 [&hellip;]<\/p>\n","protected":false},"author":1,"featured_media":0,"parent":0,"menu_order":0,"comment_status":"closed","ping_status":"closed","template":"","meta":{"_acf_changed":false,"footnotes":""},"class_list":["post-41","page","type-page","status-publish","hentry"],"blocksy_meta":[],"acf":[],"_links":{"self":[{"href":"https:\/\/hydro-berlin.de\/en\/wp-json\/wp\/v2\/pages\/41","targetHints":{"allow":["GET"]}}],"collection":[{"href":"https:\/\/hydro-berlin.de\/en\/wp-json\/wp\/v2\/pages"}],"about":[{"href":"https:\/\/hydro-berlin.de\/en\/wp-json\/wp\/v2\/types\/page"}],"author":[{"embeddable":true,"href":"https:\/\/hydro-berlin.de\/en\/wp-json\/wp\/v2\/users\/1"}],"replies":[{"embeddable":true,"href":"https:\/\/hydro-berlin.de\/en\/wp-json\/wp\/v2\/comments?post=41"}],"version-history":[{"count":18,"href":"https:\/\/hydro-berlin.de\/en\/wp-json\/wp\/v2\/pages\/41\/revisions"}],"predecessor-version":[{"id":1190,"href":"https:\/\/hydro-berlin.de\/en\/wp-json\/wp\/v2\/pages\/41\/revisions\/1190"}],"wp:attachment":[{"href":"https:\/\/hydro-berlin.de\/en\/wp-json\/wp\/v2\/media?parent=41"}],"curies":[{"name":"wp","href":"https:\/\/api.w.org\/{rel}","templated":true}]}}