{"id":174,"date":"2024-09-19T11:32:50","date_gmt":"2024-09-19T11:32:50","guid":{"rendered":"https:\/\/hydro-berlin.de\/?page_id=174"},"modified":"2026-01-19T12:16:14","modified_gmt":"2026-01-19T12:16:14","slug":"impressum","status":"publish","type":"page","link":"https:\/\/hydro-berlin.de\/en\/impressum\/","title":{"rendered":"Imprint"},"content":{"rendered":"<p><strong>HYB<\/strong> <strong>Hydro-Berlin GmbH<\/strong><br>Ackerstra\u00dfe 76<br>13355 Berlin<\/p>\n\n\n\n<p><strong>Contact<\/strong><br>Tel: +49 160 92201337<br>Mail: kontakt@hydro-berlin.de<\/p>\n\n\n\n<p><strong>Management<\/strong><br>Paul Kn\u00f6ll, Alexander Strom<\/p>\n\n\n\n<p><strong>Register court<\/strong><br>Amtsgericht Berlin-Charlottenburg<br>Handelsregisternummer: HRB 269452<br>USt. ID: DE450401104<\/p>\n\n\n\n<h2 class=\"wp-block-heading\">Disclaimer<\/h2>\n\n\n\n<p><strong>Liability for content<\/strong><\/p>\n\n\n\n<p>The contents of our pages have been created with the greatest care. However, we cannot assume any liability for the correctness, completeness and topicality of the contents. As a service provider, we are responsible for our own content on these pages in accordance with \u00a7 7 (1) DDG and general legislation. However, according to \u00a7\u00a7 8 to 10 DDG, as a service provider we are not obliged to monitor transmitted or stored third-party information or to investigate circumstances that indicate illegal activity. Obligations to remove or block the use of information in accordance with general legislation remain unaffected by this. However, liability in this respect is only possible from the time of knowledge of a specific infringement. As soon as we become aware of such infringements, we will remove this content immediately.<\/p>\n\n\n\n<p><strong>Liability for links<\/strong><\/p>\n\n\n\n<p>Our website contains links to external third-party websites over whose content we have no influence. Therefore, we cannot accept any liability for this third-party content. The respective provider or operator of the pages is always responsible for the content of the linked pages. The linked pages were checked for possible legal violations at the time of linking. Illegal content was not recognizable at the time of linking. However, permanent monitoring of the content of the linked pages is not reasonable without concrete evidence of an infringement. If we become aware of any legal infringements, we will remove such links immediately.<\/p>\n\n\n\n<p><strong>Copyright<\/strong><\/p>\n\n\n\n<p>The content and works created by the site operators on these pages are subject to German copyright law. Duplication, processing, distribution and any form of commercialization of such material beyond the scope of the copyright law shall require the prior written consent of its respective author or creator. Downloads and copies of this site are only permitted for private, non-commercial use. Insofar as the content on this site was not created by the operator, the copyrights of third parties are respected. In particular, third-party content is identified as such. Should you nevertheless become aware of a copyright infringement, please inform us accordingly. If we become aware of any infringements, we will remove such content immediately.<\/p>","protected":false},"excerpt":{"rendered":"<p>HYB Hydro-Berlin GmbHAckerstra\u00dfe 7613355 Berlin KontaktTel: +49 160 92201337Mail: kontakt@hydro-berlin.de Gesch\u00e4ftsf\u00fchrungPaul Kn\u00f6ll, Alexander Strom RegistergerichtAmtsgericht Berlin-CharlottenburgHandelsregisternummer: HRB 269452USt. ID: DE450401104 Haftungsausschluss Haftung f\u00fcr Inhalte Die Inhalte unserer Seiten wurden mit gr\u00f6\u00dfter Sorgfalt erstellt. F\u00fcr die Richtigkeit, Vollst\u00e4ndigkeit und Aktualit\u00e4t der Inhalte k\u00f6nnen wir jedoch keine Gew\u00e4hr \u00fcbernehmen. Als Diensteanbieter sind wir gem\u00e4\u00df \u00a7 7 Abs.1 [&hellip;]<\/p>\n","protected":false},"author":1,"featured_media":0,"parent":0,"menu_order":0,"comment_status":"closed","ping_status":"closed","template":"","meta":{"_acf_changed":false,"footnotes":""},"class_list":["post-174","page","type-page","status-publish","hentry"],"blocksy_meta":[],"acf":[],"_links":{"self":[{"href":"https:\/\/hydro-berlin.de\/en\/wp-json\/wp\/v2\/pages\/174","targetHints":{"allow":["GET"]}}],"collection":[{"href":"https:\/\/hydro-berlin.de\/en\/wp-json\/wp\/v2\/pages"}],"about":[{"href":"https:\/\/hydro-berlin.de\/en\/wp-json\/wp\/v2\/types\/page"}],"author":[{"embeddable":true,"href":"https:\/\/hydro-berlin.de\/en\/wp-json\/wp\/v2\/users\/1"}],"replies":[{"embeddable":true,"href":"https:\/\/hydro-berlin.de\/en\/wp-json\/wp\/v2\/comments?post=174"}],"version-history":[{"count":10,"href":"https:\/\/hydro-berlin.de\/en\/wp-json\/wp\/v2\/pages\/174\/revisions"}],"predecessor-version":[{"id":1676,"href":"https:\/\/hydro-berlin.de\/en\/wp-json\/wp\/v2\/pages\/174\/revisions\/1676"}],"wp:attachment":[{"href":"https:\/\/hydro-berlin.de\/en\/wp-json\/wp\/v2\/media?parent=174"}],"curies":[{"name":"wp","href":"https:\/\/api.w.org\/{rel}","templated":true}]}}